{"id":4,"date":"2020-12-02T14:24:24","date_gmt":"2020-12-02T14:24:24","guid":{"rendered":"https:\/\/www.meb.ki.se\/sites\/meb-it\/?page_id=4"},"modified":"2025-10-10T07:37:35","modified_gmt":"2025-10-10T05:37:35","slug":"meb-it","status":"publish","type":"page","link":"https:\/\/www.meb.ki.se\/sites\/meb-it\/","title":{"rendered":"MEB IT"},"content":{"rendered":"\n<div class=\"wp-block-columns is-layout-flex wp-container-core-columns-is-layout-28f84493 wp-block-columns-is-layout-flex\">\n<div class=\"wp-block-column is-layout-flow wp-block-column-is-layout-flow\">\n<figure class=\"wp-block-image aligncenter size-full is-resized\"><a href=\"\/sites\/meb-it\/windows\/\"><img loading=\"lazy\" decoding=\"async\" width=\"299\" height=\"300\" src=\"https:\/\/www.meb.ki.se\/sites\/meb-it\/wp-content\/uploads\/sites\/12\/2022\/02\/windows-10-logo.png\" alt=\"\" class=\"wp-image-341\" style=\"width:183px;height:auto\" srcset=\"https:\/\/www.meb.ki.se\/sites\/meb-it\/wp-content\/uploads\/sites\/12\/2022\/02\/windows-10-logo.png 299w, https:\/\/www.meb.ki.se\/sites\/meb-it\/wp-content\/uploads\/sites\/12\/2022\/02\/windows-10-logo-150x150.png 150w\" sizes=\"auto, (max-width: 299px) 100vw, 299px\" \/><\/a><figcaption class=\"wp-element-caption\"><a href=\"\/sites\/meb-it\/windows\/\" data-type=\"URL\" data-id=\"\/sites\/meb-it\/windows\/\">Windows<\/a><\/figcaption><\/figure>\n<\/div>\n\n\n\n<div class=\"wp-block-column is-layout-flow wp-block-column-is-layout-flow\">\n<figure class=\"wp-block-image aligncenter size-full is-resized\"><a href=\"\/sites\/meb-it\/Mac\"><img decoding=\"async\" src=\"https:\/\/www.meb.ki.se\/sites\/meb-it\/wp-content\/uploads\/sites\/12\/2022\/02\/Apple_logo_black.svg\" alt=\"\" class=\"wp-image-339\" style=\"width:150px;height:auto\" \/><\/a><figcaption class=\"wp-element-caption\"><a href=\"\/sites\/meb-it\/Mac\" target=\"_blank\" rel=\"noreferrer noopener\">Mac<\/a><\/figcaption><\/figure>\n<\/div>\n\n\n\n<div class=\"wp-block-column is-layout-flow wp-block-column-is-layout-flow\">\n<figure class=\"wp-block-image aligncenter size-full is-resized\"><a href=\"\/sites\/meb-it\/VDI\"><img loading=\"lazy\" decoding=\"async\" width=\"512\" height=\"512\" src=\"https:\/\/www.meb.ki.se\/sites\/meb-it\/wp-content\/uploads\/sites\/12\/2022\/02\/vmware-horizon-client-1.png\" alt=\"\" class=\"wp-image-343\" style=\"width:184px;height:auto\" srcset=\"https:\/\/www.meb.ki.se\/sites\/meb-it\/wp-content\/uploads\/sites\/12\/2022\/02\/vmware-horizon-client-1.png 512w, https:\/\/www.meb.ki.se\/sites\/meb-it\/wp-content\/uploads\/sites\/12\/2022\/02\/vmware-horizon-client-1-300x300.png 300w, https:\/\/www.meb.ki.se\/sites\/meb-it\/wp-content\/uploads\/sites\/12\/2022\/02\/vmware-horizon-client-1-150x150.png 150w\" sizes=\"auto, (max-width: 512px) 100vw, 512px\" \/><\/a><figcaption class=\"wp-element-caption\"><a href=\"\/sites\/meb-it\/VDI\">VDI<\/a><\/figcaption><\/figure>\n<\/div>\n\n\n\n<div class=\"wp-block-column is-layout-flow wp-block-column-is-layout-flow\">\n<figure class=\"wp-block-image size-full\"><img loading=\"lazy\" decoding=\"async\" width=\"435\" height=\"301\" src=\"https:\/\/www.meb.ki.se\/sites\/meb-it\/wp-content\/uploads\/sites\/12\/2025\/09\/Karyon.png\" alt=\"\" class=\"wp-image-1016\" srcset=\"https:\/\/www.meb.ki.se\/sites\/meb-it\/wp-content\/uploads\/sites\/12\/2025\/09\/Karyon.png 435w, https:\/\/www.meb.ki.se\/sites\/meb-it\/wp-content\/uploads\/sites\/12\/2025\/09\/Karyon-300x208.png 300w\" sizes=\"auto, (max-width: 435px) 100vw, 435px\" \/><figcaption class=\"wp-element-caption\">Karyon clients<\/figcaption><\/figure>\n<\/div>\n\n\n\n<div class=\"wp-block-column is-layout-flow wp-block-column-is-layout-flow\">\n<figure class=\"wp-block-image aligncenter size-full is-resized\"><a href=\"https:\/\/www.meb.ki.se\/sites\/meb-it\/printing\/\"><img loading=\"lazy\" decoding=\"async\" width=\"512\" height=\"512\" src=\"https:\/\/www.meb.ki.se\/sites\/meb-it\/wp-content\/uploads\/sites\/12\/2022\/05\/printer.png\" alt=\"\" class=\"wp-image-482\" style=\"width:184px;height:auto\" srcset=\"https:\/\/www.meb.ki.se\/sites\/meb-it\/wp-content\/uploads\/sites\/12\/2022\/05\/printer.png 512w, https:\/\/www.meb.ki.se\/sites\/meb-it\/wp-content\/uploads\/sites\/12\/2022\/05\/printer-300x300.png 300w, https:\/\/www.meb.ki.se\/sites\/meb-it\/wp-content\/uploads\/sites\/12\/2022\/05\/printer-150x150.png 150w\" sizes=\"auto, (max-width: 512px) 100vw, 512px\" \/><\/a><figcaption class=\"wp-element-caption\"><a href=\"\/sites\/meb-it\/Printing\" data-type=\"URL\" data-id=\"\/sites\/meb-it\/Printing\">Printing<\/a><\/figcaption><\/figure>\n<\/div>\n<\/div>\n\n\n\n<p class=\"has-medium-font-size\" style=\"font-style:normal;font-weight:500\"><em>MEB IT <\/em> manages and develops the internal IT systems and processes of the department, and the technology needed to handle the data our scientists uses and the analyses they do on that data.  We collaborate closely with the <em>IT Development group<\/em> and with our users, the scientists and the TA personnel.<\/p>\n\n\n\n<h3 class=\"wp-block-heading\">What we do<\/h3>\n\n\n\n<p>Contact us on email: <a href=\"mailto:it-support@meb.ki.se\">it-support@meb.ki.se<\/a>. Or on telephone: 08-524 86 200 (if you absolutely cannot mail us on <a href=\"mailto:it-support@meb.ki.se\">it-support@meb.ki.se<\/a>) <\/p>\n\n\n\n<ul class=\"wp-block-list\">\n<li><a href=\"\/sites\/meb-it\/help-and-support\/\" data-type=\"page\">Help and support, desktop client, software, phones, printing<\/a>\n<ul class=\"wp-block-list\">\n<li><figure><img loading=\"lazy\" decoding=\"async\" width=\"512\" height=\"512\" class=\"wp-image-483\" style=\"width: 24px\" src=\"https:\/\/www.meb.ki.se\/sites\/meb-it\/wp-content\/uploads\/sites\/12\/2022\/05\/license.png\" alt=\"\" srcset=\"https:\/\/www.meb.ki.se\/sites\/meb-it\/wp-content\/uploads\/sites\/12\/2022\/05\/license.png 512w, https:\/\/www.meb.ki.se\/sites\/meb-it\/wp-content\/uploads\/sites\/12\/2022\/05\/license-300x300.png 300w, https:\/\/www.meb.ki.se\/sites\/meb-it\/wp-content\/uploads\/sites\/12\/2022\/05\/license-150x150.png 150w\" sizes=\"auto, (max-width: 512px) 100vw, 512px\" \/><\/figure><a href=\"https:\/\/www.meb.ki.se\/sites\/meb-it\/meb-it\/help-and-support\/meb-licensing\/\" data-type=\"page\" data-id=\"434\"> MEB Licenses<\/a> <\/li>\n\n\n\n<li><figure><img loading=\"lazy\" decoding=\"async\" width=\"512\" height=\"512\" class=\"wp-image-481\" style=\"width: 24px\" src=\"https:\/\/www.meb.ki.se\/sites\/meb-it\/wp-content\/uploads\/sites\/12\/2022\/05\/cart.png\" alt=\"\" srcset=\"https:\/\/www.meb.ki.se\/sites\/meb-it\/wp-content\/uploads\/sites\/12\/2022\/05\/cart.png 512w, https:\/\/www.meb.ki.se\/sites\/meb-it\/wp-content\/uploads\/sites\/12\/2022\/05\/cart-300x300.png 300w, https:\/\/www.meb.ki.se\/sites\/meb-it\/wp-content\/uploads\/sites\/12\/2022\/05\/cart-150x150.png 150w\" sizes=\"auto, (max-width: 512px) 100vw, 512px\" \/><\/figure><a href=\"https:\/\/www.meb.ki.se\/sites\/meb-it\/meb-it\/help-and-support\/it-purchasing\/\" data-type=\"page\" data-id=\"436\"> IT Purchasing<\/a> <\/li>\n\n\n\n<li><figure><img decoding=\"async\" class=\"wp-image-758\" style=\"width: 24px\" src=\"https:\/\/www.meb.ki.se\/sites\/meb-it\/wp-content\/uploads\/sites\/12\/2023\/01\/phone-volume-10350.svg\" alt=\"\"><\/figure> <a href=\"https:\/\/www.meb.ki.se\/sites\/meb-it\/meb-telephony\/\">Telephony<\/a><\/li>\n<\/ul>\n<\/li>\n\n\n\n<li><a href=\"\/sites\/meb-it\/security\/\" data-type=\"page\">Security<\/a><\/li>\n\n\n\n<li><a href=\"\/sites\/meb-it\/systems\/\" data-type=\"page\">Systems<\/a><\/li>\n\n\n\n<li><a href=\"\/sites\/meb-it\/technical-platform\/\">Technical platform<\/a><\/li>\n\n\n\n<li><a href=\"https:\/\/www.meb.ki.se\/sites\/meb-it\/?page_id=287\" data-type=\"page\" data-id=\"287\">Teaching, learning and training<\/a><\/li>\n\n\n\n<li><a href=\"https:\/\/www.meb.ki.se\/sites\/meb-it\/?page_id=288\" data-type=\"page\" data-id=\"288\">Consulting services<\/a><\/li>\n\n\n\n<li><a href=\"https:\/\/www.meb.ki.se\/sites\/meb-it-internal\/computing-resources-at-meb\/\">Computing resources<\/a><\/li>\n<\/ul>\n\n\n\n<h3 class=\"wp-block-heading\">What we <strong><span style=\"text-decoration: underline\">don&#8217;t<\/span><\/strong> do<\/h3>\n\n\n\n<p>KI has a <a href=\"https:\/\/medarbetare.ki.se\/it-och-telefoni\">central IT group<\/a> that handles everything related to Microsoft 365 (E-mail, OneDrive, Teams, Office 365 applications). The KI VPN and the MFT services  are also offered by KI. For help and support on those, go to their <a rel=\"noreferrer noopener\" href=\"https:\/\/selfservice.ki.se\" data-type=\"URL\" data-id=\"https:\/\/selfservice.ki.se\" target=\"_blank\">Self service portal<\/a>.<\/p>\n\n\n\n<hr class=\"wp-block-separator has-css-opacity\" \/>\n\n\n\n<h3 class=\"wp-block-heading\" id=\"operating-info\"><a href=\"https:\/\/www.meb.ki.se\/sites\/meb-it\/category\/operational_info\/\">Operating info<\/a><\/h3>\n\n\n<ul class=\"wp-block-latest-posts__list has-dates wp-block-latest-posts\"><li><a class=\"wp-block-latest-posts__post-title\" href=\"https:\/\/www.meb.ki.se\/sites\/meb-it\/jira-nyheterna-5\/\">Jira-nyheterna #5<\/a><time datetime=\"2025-05-07T11:08:50+02:00\" class=\"wp-block-latest-posts__post-date\">2025-05-07<\/time><div class=\"wp-block-latest-posts__post-excerpt\">S\u00e5, nu \u00e4r det dags att sl\u00e5 p\u00e5 den &#8220;nya navigationen&#8221; i Jira. Torsdag (15\/5), kl 14:00 skiftar vi \u00f6ver! Navigationen kommer att \u00e4ndra utseende, helt och h\u00e5llet! Fr\u00e5n en meny ovanp\u00e5 (s\u00e5 h\u00e4r ser det ut nu, och i en vecka till): till utf\u00e4llbar meny till v\u00e4nster. Ungef\u00e4r s\u00e5 h\u00e4r kommer det se ut\u2026 <a class=\"wp-block-latest-posts__read-more\" href=\"https:\/\/www.meb.ki.se\/sites\/meb-it\/jira-nyheterna-5\/\" rel=\"noopener noreferrer\">Read more<span class=\"screen-reader-text\">: Jira-nyheterna #5<\/span><\/a><\/div><\/li>\n<li><a class=\"wp-block-latest-posts__post-title\" href=\"https:\/\/www.meb.ki.se\/sites\/meb-it\/wordpress-updated\/\">WordPress updated!<\/a><time datetime=\"2025-03-25T21:26:35+01:00\" class=\"wp-block-latest-posts__post-date\">2025-03-25<\/time><div class=\"wp-block-latest-posts__post-excerpt\">&#8230; to version 6.7. There should be no revolutionary changes, mostly speed improvements and some changes in the editing experience.<\/div><\/li>\n<li><a class=\"wp-block-latest-posts__post-title\" href=\"https:\/\/www.meb.ki.se\/sites\/meb-it\/restart-of-the-web-environment\/\">[Solved!] Restart of the web environment<\/a><time datetime=\"2023-10-06T10:32:39+02:00\" class=\"wp-block-latest-posts__post-date\">2023-10-06<\/time><div class=\"wp-block-latest-posts__post-excerpt\">Due to a critical security issue, we will patch and restart the firewall machine for the web environment soon. This will lead to a short period of unresponsiveness from Jira, the WordPress sites and the Shiny server, as well as several servers for CEDI and the Twin Registry. The estimated time for this is less\u2026 <a class=\"wp-block-latest-posts__read-more\" href=\"https:\/\/www.meb.ki.se\/sites\/meb-it\/restart-of-the-web-environment\/\" rel=\"noopener noreferrer\">Read more<span class=\"screen-reader-text\">: [Solved!] Restart of the web environment<\/span><\/a><\/div><\/li>\n<li><a class=\"wp-block-latest-posts__post-title\" href=\"https:\/\/www.meb.ki.se\/sites\/meb-it\/network-outage\/\">[Solved!] Network outage<\/a><time datetime=\"2022-10-04T09:13:43+02:00\" class=\"wp-block-latest-posts__post-date\">2022-10-04<\/time><div class=\"wp-block-latest-posts__post-excerpt\">KI Central IT is currently experience severe network disturbances, which is also affecting our network. Thus, there is currently no network connectivity from computers at MEB, and the VDI system is not available. Watch this space, or the KI HelpDesk frontpage for updates.<\/div><\/li>\n<li><a class=\"wp-block-latest-posts__post-title\" href=\"https:\/\/www.meb.ki.se\/sites\/meb-it\/vdi-login-problems\/\">[Solved!] VDI login problems<\/a><time datetime=\"2022-08-24T09:31:33+02:00\" class=\"wp-block-latest-posts__post-date\">2022-08-24<\/time><div class=\"wp-block-latest-posts__post-excerpt\">We are currently experiencing problems with logging into the VDI service. If you are denied access, wait a couple of minutes, and try again. We are working with KI IT and the supplier to resolve this situation.<\/div><\/li>\n<\/ul>","protected":false},"excerpt":{"rendered":"<p>MEB IT manages and develops the internal IT systems and processes of the department, and the technology needed to handle the data our scientists uses and the analyses they do on that data. We collaborate closely with the IT Development group and with our users, the scientists and the TA personnel. What we do Contact [&hellip;]<\/p>\n","protected":false},"author":2,"featured_media":0,"parent":0,"menu_order":0,"comment_status":"closed","ping_status":"closed","template":"","meta":{"footnotes":""},"class_list":["post-4","page","type-page","status-publish","hentry"],"blocksy_meta":{"styles_descriptor":{"styles":{"desktop":"","tablet":"","mobile":""},"google_fonts":[],"version":6}},"jetpack_sharing_enabled":true,"_links":{"self":[{"href":"https:\/\/www.meb.ki.se\/sites\/meb-it\/wp-json\/wp\/v2\/pages\/4","targetHints":{"allow":["GET"]}}],"collection":[{"href":"https:\/\/www.meb.ki.se\/sites\/meb-it\/wp-json\/wp\/v2\/pages"}],"about":[{"href":"https:\/\/www.meb.ki.se\/sites\/meb-it\/wp-json\/wp\/v2\/types\/page"}],"author":[{"embeddable":true,"href":"https:\/\/www.meb.ki.se\/sites\/meb-it\/wp-json\/wp\/v2\/users\/2"}],"replies":[{"embeddable":true,"href":"https:\/\/www.meb.ki.se\/sites\/meb-it\/wp-json\/wp\/v2\/comments?post=4"}],"version-history":[{"count":60,"href":"https:\/\/www.meb.ki.se\/sites\/meb-it\/wp-json\/wp\/v2\/pages\/4\/revisions"}],"predecessor-version":[{"id":1020,"href":"https:\/\/www.meb.ki.se\/sites\/meb-it\/wp-json\/wp\/v2\/pages\/4\/revisions\/1020"}],"wp:attachment":[{"href":"https:\/\/www.meb.ki.se\/sites\/meb-it\/wp-json\/wp\/v2\/media?parent=4"}],"curies":[{"name":"wp","href":"https:\/\/api.w.org\/{rel}","templated":true}]}}